{"id":30,"date":"2013-08-26T17:59:50","date_gmt":"2013-08-26T17:59:50","guid":{"rendered":"http:\/\/mujeresmexicanasproductivas.com.mx\/?page_id=30"},"modified":"2013-09-03T15:55:11","modified_gmt":"2013-09-03T15:55:11","slug":"frontpage","status":"publish","type":"page","link":"https:\/\/www.mujeresmexicanasproductivas.com.mx\/","title":{"rendered":"Frontpage"},"content":{"rendered":"<h1 class=\"slogan align-left\">Ayudando a la mujer mexicana productiva a poner en acci\u00f3n sus sue\u00f1os.<\/h1>\n<section id=\"ss-home_slide\" class=\"ss-slider\"><article class=\"slide\"><img decoding=\"async\" src=\"https:\/\/www.mujeresmexicanasproductivas.com.mx\/wp-content\/uploads\/2013\/08\/119864511.jpg\" alt=\"home_slide\" class=\"slide-bg-image\" \/><div class=\"slide-button \"><\/div><div class=\"slide-content\"><\/div><\/article><!-- end .slide --><article class=\"slide\"><img decoding=\"async\" src=\"\" alt=\"home_slide\" class=\"slide-bg-image\" \/><div class=\"slide-button \"><\/div><div class=\"slide-content\"><\/div><\/article><!-- end .slide --><\/section><!-- end .ss-slider -->\n<h3>Lo m\u00e1s reciente<\/h3>\n<div class=\"one-fourth\">\n<p>[post_carousel\u00a0 limit=&#8221;1&#8243; title=&#8221; &#8221; categories=&#8221;4&#8243; pagination=&#8221;0&#8243;]<\/p>\n<\/div>\n<div class=\"one-fourth\">\n<h6 class=\"section-title\"> <\/h6><ul class=\"post-carousel clearfix\" data-auto=\"0\" data-scroll_count=\"\"><li>\n\n<div class=\"entry-body\">\n\n\t<a href=\"https:\/\/www.mujeresmexicanasproductivas.com.mx\/?p=158\" title=\"Permalink to Sagarpa\" rel=\"bookmark\">\n\t\t<h1 class=\"title\">Sagarpa<\/h1>\n\t<\/a>\n\n\tEn Sagarpa tienes la oportunidad de crear a trav\u00e9s de sus plataformas todo lo referente a la agricultura, ganader\u00eda y&hellip;\n<\/div><!-- end .entry-body -->\n\n<div class=\"entry-meta\">\n\n\t<a href=\"https:\/\/www.mujeresmexicanasproductivas.com.mx\/?p=158\" title=\"Permalink to Sagarpa\" rel=\"bookmark\"><span class=\"post-format \">Permalink<\/span><\/a><span class=\"date\"><a href=\"https:\/\/www.mujeresmexicanasproductivas.com.mx\/?p=158\" title=\"4:58 pm\" rel=\"bookmark\"><time datetime=\"4:58 pm\" pubdate>31 October, 2013<\/time><\/a><\/span>\n<\/div><!-- end .entry-meta --><\/li><\/ul><!-- end .post-carousel -->\n<\/div>\n<div class=\"one-fourth\">\n<h6 class=\"section-title\"> <\/h6><ul class=\"post-carousel clearfix\" data-auto=\"0\" data-scroll_count=\"\"><li>\n\n\t\t\n\t<a href=\"https:\/\/www.mujeresmexicanasproductivas.com.mx\/?p=59\" title=\"Permalink to Marcela Bola\u00f1os\">\n\t\t<img decoding=\"async\" src=\"https:\/\/www.mujeresmexicanasproductivas.com.mx\/wp-content\/uploads\/2013\/09\/164644573-300x148.jpg\" alt=\"\" class=\"entry-image attachment-post-thumbnail size-post-thumbnail wp-post-image\">\n\t<\/a>\n\n\n<div class=\"entry-body\">\n\n\t<a href=\"https:\/\/www.mujeresmexicanasproductivas.com.mx\/?p=59\" title=\"Permalink to Marcela Bola\u00f1os\" rel=\"bookmark\">\n\t\t<h1 class=\"title\">Marcela Bola\u00f1os<\/h1>\n\t<\/a>\n\n\tGracias a todo su equipo de trabajo por la asesor\u00eda y orientaci\u00f3n!!!!! Tengo un Restaurante en polanco cd de M\u00e9xico&hellip;\n<\/div><!-- end .entry-body -->\n\n<div class=\"entry-meta\">\n\n\t<a href=\"https:\/\/www.mujeresmexicanasproductivas.com.mx\/?p=59\" title=\"Permalink to Marcela Bola\u00f1os\" rel=\"bookmark\"><span class=\"post-format \">Permalink<\/span><\/a><span class=\"date\"><a href=\"https:\/\/www.mujeresmexicanasproductivas.com.mx\/?p=59\" title=\"8:40 pm\" rel=\"bookmark\"><time datetime=\"8:40 pm\" pubdate>26 August, 2013<\/time><\/a><\/span>\n<\/div><!-- end .entry-meta --><\/li><\/ul><!-- end .post-carousel -->\n<\/div>\n<div class=\"one-fourth last\">\n<h6 class=\"section-title\"> <\/h6><ul class=\"post-carousel clearfix\" data-auto=\"0\" data-scroll_count=\"\"><li>\n\n<div class=\"entry-body\">\n\n\t<a href=\"https:\/\/www.mujeresmexicanasproductivas.com.mx\/?p=47\" title=\"Permalink to Bolsa de trabajo: Traductora\" rel=\"bookmark\">\n\t\t<h1 class=\"title\">Bolsa de trabajo: Traductora<\/h1>\n\t<\/a>\n\n\tImportante empresa solicita Traductora con el siguiente perfil: Licenciada en Traducci\u00f3n \u00f3 Idiomas. Con experiencia en la realizaci\u00f3n y revisi\u00f3n&hellip;\n<\/div><!-- end .entry-body -->\n\n<div class=\"entry-meta\">\n\n\t<a href=\"https:\/\/www.mujeresmexicanasproductivas.com.mx\/?p=47\" title=\"Permalink to Bolsa de trabajo: Traductora\" rel=\"bookmark\"><span class=\"post-format \">Permalink<\/span><\/a><span class=\"date\"><a href=\"https:\/\/www.mujeresmexicanasproductivas.com.mx\/?p=47\" title=\"8:36 pm\" rel=\"bookmark\"><time datetime=\"8:36 pm\" pubdate>26 August, 2013<\/time><\/a><\/span>\n<\/div><!-- end .entry-meta --><\/li><\/ul><!-- end .post-carousel -->\n<\/div><div class=\"clear\"><\/div>\n<h6 class=\"section-title\">Mujer productiva del mes<\/h6><ul class=\"post-carousel clearfix\" data-auto=\"0\" data-scroll_count=\"\"><li>\n\n\t\t\n\t<a href=\"https:\/\/www.mujeresmexicanasproductivas.com.mx\/?p=161\" title=\"Permalink to Mujer productiva de Octubre\">\n\t\t<img decoding=\"async\" src=\"https:\/\/www.mujeresmexicanasproductivas.com.mx\/wp-content\/uploads\/2013\/10\/577280_568469686543824_773840130_n-300x225.jpg\" alt=\"\" class=\"entry-image attachment-post-thumbnail size-post-thumbnail wp-post-image\">\n\t<\/a>\n\n\n<div class=\"entry-body\">\n\n\t<a href=\"https:\/\/www.mujeresmexicanasproductivas.com.mx\/?p=161\" title=\"Permalink to Mujer productiva de Octubre\" rel=\"bookmark\">\n\t\t<h1 class=\"title\">Mujer productiva de Octubre<\/h1>\n\t<\/a>\n\n\tMujeres Alfareras de Tl\u00e1huac\n<\/div><!-- end .entry-body -->\n\n<div class=\"entry-meta\">\n\n\t<a href=\"https:\/\/www.mujeresmexicanasproductivas.com.mx\/?p=161\" title=\"Permalink to Mujer productiva de Octubre\" rel=\"bookmark\"><span class=\"post-format \">Permalink<\/span><\/a><span class=\"date\"><a href=\"https:\/\/www.mujeresmexicanasproductivas.com.mx\/?p=161\" title=\"5:16 pm\" rel=\"bookmark\"><time datetime=\"5:16 pm\" pubdate>31 October, 2013<\/time><\/a><\/span>\n<\/div><!-- end .entry-meta --><\/li><\/ul><!-- end .post-carousel -->\n","protected":false},"excerpt":{"rendered":"<p>Lo m\u00e1s reciente<\/p>\n","protected":false},"author":1,"featured_media":0,"parent":0,"menu_order":0,"comment_status":"open","ping_status":"open","template":"","meta":{"footnotes":""},"class_list":["post-30","page","type-page","status-publish","hentry"],"_links":{"self":[{"href":"https:\/\/www.mujeresmexicanasproductivas.com.mx\/index.php?rest_route=\/wp\/v2\/pages\/30","targetHints":{"allow":["GET"]}}],"collection":[{"href":"https:\/\/www.mujeresmexicanasproductivas.com.mx\/index.php?rest_route=\/wp\/v2\/pages"}],"about":[{"href":"https:\/\/www.mujeresmexicanasproductivas.com.mx\/index.php?rest_route=\/wp\/v2\/types\/page"}],"author":[{"embeddable":true,"href":"https:\/\/www.mujeresmexicanasproductivas.com.mx\/index.php?rest_route=\/wp\/v2\/users\/1"}],"replies":[{"embeddable":true,"href":"https:\/\/www.mujeresmexicanasproductivas.com.mx\/index.php?rest_route=%2Fwp%2Fv2%2Fcomments&post=30"}],"version-history":[{"count":0,"href":"https:\/\/www.mujeresmexicanasproductivas.com.mx\/index.php?rest_route=\/wp\/v2\/pages\/30\/revisions"}],"wp:attachment":[{"href":"https:\/\/www.mujeresmexicanasproductivas.com.mx\/index.php?rest_route=%2Fwp%2Fv2%2Fmedia&parent=30"}],"curies":[{"name":"wp","href":"https:\/\/api.w.org\/{rel}","templated":true}]}}